{"id":6337,"date":"2021-08-16T11:05:55","date_gmt":"2021-08-16T11:05:55","guid":{"rendered":"http:\/\/veracapovilla.com.br\/?page_id=6337"},"modified":"2023-06-24T20:05:15","modified_gmt":"2023-06-24T20:05:15","slug":"sobre-2","status":"publish","type":"page","link":"https:\/\/veracapovilla.com.br\/?page_id=6337","title":{"rendered":"Sobre"},"content":{"rendered":"\t\t<div data-elementor-type=\"wp-page\" data-elementor-id=\"6337\" class=\"elementor elementor-6337\">\n\t\t\t\t\t\t<section class=\"elementor-section elementor-top-section elementor-element elementor-element-3x3e5ee elementor-section-boxed elementor-section-height-default elementor-section-height-default\" data-id=\"3x3e5ee\" data-element_type=\"section\" data-e-type=\"section\" data-settings=\"{&quot;background_background&quot;:&quot;classic&quot;,&quot;shape_divider_bottom&quot;:&quot;opacity-fan&quot;}\">\n\t\t\t\t\t\t\t<div class=\"elementor-background-overlay\"><\/div>\n\t\t\t\t\t\t<div class=\"elementor-shape elementor-shape-bottom\" aria-hidden=\"true\" data-negative=\"false\">\n\t\t\t<svg xmlns=\"http:\/\/www.w3.org\/2000\/svg\" viewBox=\"0 0 283.5 19.6\" preserveAspectRatio=\"none\">\n\t<path class=\"elementor-shape-fill\" style=\"opacity:0.33\" d=\"M0 0L0 18.8 141.8 4.1 283.5 18.8 283.5 0z\"\/>\n\t<path class=\"elementor-shape-fill\" style=\"opacity:0.33\" d=\"M0 0L0 12.6 141.8 4 283.5 12.6 283.5 0z\"\/>\n\t<path class=\"elementor-shape-fill\" style=\"opacity:0.33\" d=\"M0 0L0 6.4 141.8 4 283.5 6.4 283.5 0z\"\/>\n\t<path class=\"elementor-shape-fill\" d=\"M0 0L0 1.2 141.8 4 283.5 1.2 283.5 0z\"\/>\n<\/svg>\t\t<\/div>\n\t\t\t\t\t<div class=\"elementor-container elementor-column-gap-default\">\n\t\t\t\t\t<div class=\"elementor-column elementor-col-66 elementor-top-column elementor-element elementor-element-e4862c9\" data-id=\"e4862c9\" data-element_type=\"column\" data-e-type=\"column\">\n\t\t\t<div class=\"elementor-widget-wrap elementor-element-populated\">\n\t\t\t\t\t\t<div class=\"elementor-element elementor-element-be2da6c animated-slow elementor-invisible elementor-widget elementor-widget-image\" data-id=\"be2da6c\" data-element_type=\"widget\" data-e-type=\"widget\" data-settings=\"{&quot;_animation&quot;:&quot;fadeInLeft&quot;}\" data-widget_type=\"image.default\">\n\t\t\t\t<div class=\"elementor-widget-container\">\n\t\t\t\t\t\t\t\t\t\t\t\t\t\t\t<img fetchpriority=\"high\" decoding=\"async\" width=\"512\" height=\"512\" src=\"https:\/\/veracapovilla.com.br\/wp-content\/uploads\/2023\/06\/cropped-Low-flower.png\" class=\"attachment-full size-full wp-image-6701\" alt=\"\" srcset=\"https:\/\/veracapovilla.com.br\/wp-content\/uploads\/2023\/06\/cropped-Low-flower.png 512w, https:\/\/veracapovilla.com.br\/wp-content\/uploads\/2023\/06\/cropped-Low-flower-300x300.png 300w, https:\/\/veracapovilla.com.br\/wp-content\/uploads\/2023\/06\/cropped-Low-flower-150x150.png 150w, https:\/\/veracapovilla.com.br\/wp-content\/uploads\/2023\/06\/cropped-Low-flower-270x270.png 270w, https:\/\/veracapovilla.com.br\/wp-content\/uploads\/2023\/06\/cropped-Low-flower-192x192.png 192w, https:\/\/veracapovilla.com.br\/wp-content\/uploads\/2023\/06\/cropped-Low-flower-180x180.png 180w, https:\/\/veracapovilla.com.br\/wp-content\/uploads\/2023\/06\/cropped-Low-flower-32x32.png 32w\" sizes=\"(max-width: 512px) 100vw, 512px\" \/>\t\t\t\t\t\t\t\t\t\t\t\t\t\t\t<\/div>\n\t\t\t\t<\/div>\n\t\t\t\t<div class=\"elementor-element elementor-element-99a8d61 animated-slow elementor-invisible elementor-widget elementor-widget-image\" data-id=\"99a8d61\" data-element_type=\"widget\" data-e-type=\"widget\" data-settings=\"{&quot;_animation&quot;:&quot;fadeInRight&quot;}\" data-widget_type=\"image.default\">\n\t\t\t\t<div class=\"elementor-widget-container\">\n\t\t\t\t\t\t\t\t\t\t\t\t\t\t\t<img decoding=\"async\" width=\"1024\" height=\"391\" src=\"https:\/\/veracapovilla.com.br\/wp-content\/uploads\/2023\/06\/signature-1024x391.png\" class=\"attachment-large size-large wp-image-6718\" alt=\"\" srcset=\"https:\/\/veracapovilla.com.br\/wp-content\/uploads\/2023\/06\/signature-1024x391.png 1024w, https:\/\/veracapovilla.com.br\/wp-content\/uploads\/2023\/06\/signature-300x115.png 300w, https:\/\/veracapovilla.com.br\/wp-content\/uploads\/2023\/06\/signature-768x293.png 768w, https:\/\/veracapovilla.com.br\/wp-content\/uploads\/2023\/06\/signature-1536x586.png 1536w, https:\/\/veracapovilla.com.br\/wp-content\/uploads\/2023\/06\/signature-2048x782.png 2048w\" sizes=\"(max-width: 1024px) 100vw, 1024px\" \/>\t\t\t\t\t\t\t\t\t\t\t\t\t\t\t<\/div>\n\t\t\t\t<\/div>\n\t\t\t\t<div class=\"elementor-element elementor-element-5ed831c elementor-widget elementor-widget-heading\" data-id=\"5ed831c\" data-element_type=\"widget\" data-e-type=\"widget\" data-widget_type=\"heading.default\">\n\t\t\t\t<div class=\"elementor-widget-container\">\n\t\t\t\t\t<h4 class=\"elementor-heading-title elementor-size-default\">Uma hist\u00f3ria de vida e dedica\u00e7\u00e3o a uma profiss\u00e3o que auxilia as pessoas a se verem com mais harmonia.<\/h4>\t\t\t\t<\/div>\n\t\t\t\t<\/div>\n\t\t\t\t\t<\/div>\n\t\t<\/div>\n\t\t\t\t<div class=\"elementor-column elementor-col-33 elementor-top-column elementor-element elementor-element-d1906bd\" data-id=\"d1906bd\" data-element_type=\"column\" data-e-type=\"column\">\n\t\t\t<div class=\"elementor-widget-wrap\">\n\t\t\t\t\t\t\t<\/div>\n\t\t<\/div>\n\t\t\t\t\t<\/div>\n\t\t<\/section>\n\t\t\t\t<section class=\"elementor-section elementor-top-section elementor-element elementor-element-v85mtm5 elementor-section-content-middle elementor-section-boxed elementor-section-height-default elementor-section-height-default\" data-id=\"v85mtm5\" data-element_type=\"section\" data-e-type=\"section\" data-settings=\"{&quot;background_background&quot;:&quot;classic&quot;,&quot;shape_divider_bottom&quot;:&quot;opacity-tilt&quot;}\">\n\t\t\t\t\t\t\t<div class=\"elementor-background-overlay\"><\/div>\n\t\t\t\t\t\t<div class=\"elementor-shape elementor-shape-bottom\" aria-hidden=\"true\" data-negative=\"false\">\n\t\t\t<svg xmlns=\"http:\/\/www.w3.org\/2000\/svg\" viewBox=\"0 0 2600 131.1\" preserveAspectRatio=\"none\">\n\t<path class=\"elementor-shape-fill\" d=\"M0 0L2600 0 2600 69.1 0 0z\"\/>\n\t<path class=\"elementor-shape-fill\" style=\"opacity:0.5\" d=\"M0 0L2600 0 2600 69.1 0 69.1z\"\/>\n\t<path class=\"elementor-shape-fill\" style=\"opacity:0.25\" d=\"M2600 0L0 0 0 130.1 2600 69.1z\"\/>\n<\/svg>\t\t<\/div>\n\t\t\t\t\t<div class=\"elementor-container elementor-column-gap-no\">\n\t\t\t\t\t<div class=\"elementor-column elementor-col-50 elementor-top-column elementor-element elementor-element-890654c\" data-id=\"890654c\" data-element_type=\"column\" data-e-type=\"column\">\n\t\t\t<div class=\"elementor-widget-wrap elementor-element-populated\">\n\t\t\t\t\t\t<div class=\"elementor-element elementor-element-d8b4b0e elementor-widget elementor-widget-text-editor\" data-id=\"d8b4b0e\" data-element_type=\"widget\" data-e-type=\"widget\" data-widget_type=\"text-editor.default\">\n\t\t\t\t<div class=\"elementor-widget-container\">\n\t\t\t\t\t\t\t\t\t<p>Com uma forma\u00e7\u00e3o m\u00e9dica s\u00f3lida e ampla experi\u00eancia, atualmente atua no litoral norte de S\u00e3o Paulo.\u00a0<\/p><p>Graduada em Medicina pela renomada <strong>Faculdade de Ci\u00eancias M\u00e9dicas da Santa Casa<\/strong>, em S\u00e3o Paulo, entre os anos de 1982 e 1987. Sua paix\u00e3o pela cirurgia a levou a buscar aperfei\u00e7oamento, e ela completou uma <strong>Resid\u00eancia <\/strong>em <strong>Cirurgia Geral <\/strong>no <strong>Hospital das Cl\u00ednicas<\/strong> da <strong>Faculdade de Medicina da Universidade de S\u00e3o Paulo (HC\/FMUSP)<\/strong><b> <\/b>no per\u00edodo de 1988 a 1989.<\/p><p>Determinada a se especializar ainda mais, a Dra. Vera embarcou em uma <strong>Resid\u00eancia<\/strong> em <strong>Cirurgia Pl\u00e1stica<\/strong> no <strong>Hospital dos Defeitos da Face (Cruz Vermelha)<\/strong>, onde se dedicou intensamente entre os anos de 1990 e 1992. Esse per\u00edodo foi fundamental para aprimorar suas habilidades em cirurgia est\u00e9tica e reparadora, consolidando seu conhecimento na \u00e1rea.<\/p><p>Dra. Vera Capovilla \u00e9\u00a0 <strong>membro da Sociedade Brasileira de Cirurgia Pl\u00e1stica (SBCP)<\/strong>. Sua dedica\u00e7\u00e3o e compromisso com a profiss\u00e3o s\u00e3o evidentes em cada procedimento que realiza, priorizando sempre a seguran\u00e7a, o bem-estar e a satisfa\u00e7\u00e3o de seus pacientes.<\/p><p>No <strong>litoral norte de S\u00e3o Paulo<\/strong>, <strong>oferece seus servi\u00e7os m\u00e9dicos com excel\u00eancia h\u00e1 mais de 20 anos<\/strong>, colocando em pr\u00e1tica seus conhecimentos e t\u00e9cnicas avan\u00e7adas em cirurgia pl\u00e1stica. Seja para <strong>procedimentos est\u00e9ticos ou reconstrutivos<\/strong>.<\/p><p><span style=\"text-decoration: underline;\">Agende uma consulta<\/span> e experimente o cuidado e a qualidade que s\u00f3 uma m\u00e9dica com uma forma\u00e7\u00e3o t\u00e3o s\u00f3lida e especializada pode oferecer. Sua confian\u00e7a estar\u00e1 em boas m\u00e3os.<\/p>\t\t\t\t\t\t\t\t<\/div>\n\t\t\t\t<\/div>\n\t\t\t\t<section class=\"elementor-section elementor-inner-section elementor-element elementor-element-fe74861 elementor-section-boxed elementor-section-height-default elementor-section-height-default\" data-id=\"fe74861\" data-element_type=\"section\" data-e-type=\"section\">\n\t\t\t\t\t\t<div class=\"elementor-container elementor-column-gap-default\">\n\t\t\t\t\t<div class=\"elementor-column elementor-col-100 elementor-inner-column elementor-element elementor-element-14634e6\" data-id=\"14634e6\" data-element_type=\"column\" data-e-type=\"column\">\n\t\t\t<div class=\"elementor-widget-wrap elementor-element-populated\">\n\t\t\t\t\t\t<div class=\"elementor-element elementor-element-fb6cf62 elementor-list-item-link-full_width elementor-widget elementor-widget-icon-list\" data-id=\"fb6cf62\" data-element_type=\"widget\" data-e-type=\"widget\" data-widget_type=\"icon-list.default\">\n\t\t\t\t<div class=\"elementor-widget-container\">\n\t\t\t\t\t\t\t<ul class=\"elementor-icon-list-items\">\n\t\t\t\t\t\t\t<li class=\"elementor-icon-list-item\">\n\t\t\t\t\t\t\t\t\t\t\t<span class=\"elementor-icon-list-icon\">\n\t\t\t\t\t\t\t<i aria-hidden=\"true\" class=\"fas fa-caret-right\"><\/i>\t\t\t\t\t\t<\/span>\n\t\t\t\t\t\t\t\t\t\t<span class=\"elementor-icon-list-text\">Gradua\u00e7\u00e3o em Medicina pela Faculdade de Ci\u00eancias M\u00e9dicas da Santa Casa de S\u00e3o Paulo (FCMSCSP) \u2013 1987<\/span>\n\t\t\t\t\t\t\t\t\t<\/li>\n\t\t\t\t\t\t\t\t<li class=\"elementor-icon-list-item\">\n\t\t\t\t\t\t\t\t\t\t\t<span class=\"elementor-icon-list-icon\">\n\t\t\t\t\t\t\t<i aria-hidden=\"true\" class=\"fas fa-caret-right\"><\/i>\t\t\t\t\t\t<\/span>\n\t\t\t\t\t\t\t\t\t\t<span class=\"elementor-icon-list-text\">Resid\u00eancia em Cirurgia Geral no Hospital das Cl\u00ednicas da Faculdade de Medicina da Universidade de S\u00e3o Paulo (HC\/FMUSP) \u2013 1989<\/span>\n\t\t\t\t\t\t\t\t\t<\/li>\n\t\t\t\t\t\t\t\t<li class=\"elementor-icon-list-item\">\n\t\t\t\t\t\t\t\t\t\t\t<span class=\"elementor-icon-list-icon\">\n\t\t\t\t\t\t\t<i aria-hidden=\"true\" class=\"fas fa-caret-right\"><\/i>\t\t\t\t\t\t<\/span>\n\t\t\t\t\t\t\t\t\t\t<span class=\"elementor-icon-list-text\">Resid\u00eancia em Cirurgia Pl\u00e1stica no Hospital dos Defeitos da Face (Cruz Vermelha) \u2013 1992<\/span>\n\t\t\t\t\t\t\t\t\t<\/li>\n\t\t\t\t\t\t<\/ul>\n\t\t\t\t\t\t<\/div>\n\t\t\t\t<\/div>\n\t\t\t\t<div class=\"elementor-element elementor-element-93b47d5 elementor-align-center elementor-widget elementor-widget-button\" data-id=\"93b47d5\" data-element_type=\"widget\" data-e-type=\"widget\" data-widget_type=\"button.default\">\n\t\t\t\t<div class=\"elementor-widget-container\">\n\t\t\t\t\t\t\t\t\t<div class=\"elementor-button-wrapper\">\n\t\t\t\t\t<a class=\"elementor-button elementor-button-link elementor-size-sm\" href=\"https:\/\/wa.me\/5512997706061\">\n\t\t\t\t\t\t<span class=\"elementor-button-content-wrapper\">\n\t\t\t\t\t\t<span class=\"elementor-button-icon\">\n\t\t\t\t<i aria-hidden=\"true\" class=\"far fa-calendar-alt\"><\/i>\t\t\t<\/span>\n\t\t\t\t\t\t\t\t\t<span class=\"elementor-button-text\">Agende sua consulta<\/span>\n\t\t\t\t\t<\/span>\n\t\t\t\t\t<\/a>\n\t\t\t\t<\/div>\n\t\t\t\t\t\t\t\t<\/div>\n\t\t\t\t<\/div>\n\t\t\t\t\t<\/div>\n\t\t<\/div>\n\t\t\t\t\t<\/div>\n\t\t<\/section>\n\t\t\t\t\t<\/div>\n\t\t<\/div>\n\t\t\t\t<div class=\"elementor-column elementor-col-50 elementor-top-column elementor-element elementor-element-0d59d6d\" data-id=\"0d59d6d\" data-element_type=\"column\" data-e-type=\"column\">\n\t\t\t<div class=\"elementor-widget-wrap elementor-element-populated\">\n\t\t\t\t\t\t<div class=\"elementor-element elementor-element-653789c elementor-widget elementor-widget-image\" data-id=\"653789c\" data-element_type=\"widget\" data-e-type=\"widget\" data-widget_type=\"image.default\">\n\t\t\t\t<div class=\"elementor-widget-container\">\n\t\t\t\t\t\t\t\t\t\t\t\t<figure class=\"wp-caption\">\n\t\t\t\t\t\t\t\t\t\t<img decoding=\"async\" width=\"350\" height=\"449\" src=\"https:\/\/veracapovilla.com.br\/wp-content\/uploads\/2023\/06\/Vera.jpg\" class=\"attachment-full size-full wp-image-6535\" alt=\"\" srcset=\"https:\/\/veracapovilla.com.br\/wp-content\/uploads\/2023\/06\/Vera.jpg 350w, https:\/\/veracapovilla.com.br\/wp-content\/uploads\/2023\/06\/Vera-234x300.jpg 234w\" sizes=\"(max-width: 350px) 100vw, 350px\" \/>\t\t\t\t\t\t\t\t\t\t\t<figcaption class=\"widget-image-caption wp-caption-text\">Vera M\u00e1rcia Capovilla - CRM\/SP: 59828<\/figcaption>\n\t\t\t\t\t\t\t\t\t\t<\/figure>\n\t\t\t\t\t\t\t\t\t<\/div>\n\t\t\t\t<\/div>\n\t\t\t\t\t<\/div>\n\t\t<\/div>\n\t\t\t\t\t<\/div>\n\t\t<\/section>\n\t\t\t\t<section class=\"elementor-section elementor-top-section elementor-element elementor-element-6azuj57 elementor-section-boxed elementor-section-height-default elementor-section-height-default\" data-id=\"6azuj57\" data-element_type=\"section\" data-e-type=\"section\">\n\t\t\t\t\t\t<div class=\"elementor-container elementor-column-gap-no\">\n\t\t\t\t\t<div class=\"elementor-column elementor-col-100 elementor-top-column elementor-element elementor-element-089d853\" data-id=\"089d853\" data-element_type=\"column\" data-e-type=\"column\">\n\t\t\t<div class=\"elementor-widget-wrap elementor-element-populated\">\n\t\t\t\t\t\t<section class=\"elementor-section elementor-inner-section elementor-element elementor-element-f1b724a elementor-section-boxed elementor-section-height-default elementor-section-height-default\" data-id=\"f1b724a\" data-element_type=\"section\" data-e-type=\"section\">\n\t\t\t\t\t\t<div class=\"elementor-container elementor-column-gap-no\">\n\t\t\t\t\t<div class=\"elementor-column elementor-col-25 elementor-inner-column elementor-element elementor-element-559e46f\" data-id=\"559e46f\" data-element_type=\"column\" data-e-type=\"column\">\n\t\t\t<div class=\"elementor-widget-wrap elementor-element-populated\">\n\t\t\t\t\t\t<div class=\"elementor-element elementor-element-fb2c798 elementor-widget elementor-widget-image\" data-id=\"fb2c798\" data-element_type=\"widget\" data-e-type=\"widget\" data-widget_type=\"image.default\">\n\t\t\t\t<div class=\"elementor-widget-container\">\n\t\t\t\t\t\t\t\t\t\t\t\t\t\t\t<img decoding=\"async\" src=\"https:\/\/veracapovilla.com.br\/wp-content\/uploads\/2023\/06\/3-1.png\" title=\"3\" alt=\"3\" loading=\"lazy\" \/>\t\t\t\t\t\t\t\t\t\t\t\t\t\t\t<\/div>\n\t\t\t\t<\/div>\n\t\t\t\t\t<\/div>\n\t\t<\/div>\n\t\t\t\t<div class=\"elementor-column elementor-col-25 elementor-inner-column elementor-element elementor-element-428c9b0\" data-id=\"428c9b0\" data-element_type=\"column\" data-e-type=\"column\">\n\t\t\t<div class=\"elementor-widget-wrap elementor-element-populated\">\n\t\t\t\t\t\t<div class=\"elementor-element elementor-element-6ff313d elementor-widget elementor-widget-image\" data-id=\"6ff313d\" data-element_type=\"widget\" data-e-type=\"widget\" data-widget_type=\"image.default\">\n\t\t\t\t<div class=\"elementor-widget-container\">\n\t\t\t\t\t\t\t\t\t\t\t\t\t\t\t<img loading=\"lazy\" decoding=\"async\" width=\"550\" height=\"550\" src=\"https:\/\/veracapovilla.com.br\/wp-content\/uploads\/2023\/06\/1-3.png\" class=\"attachment-large size-large wp-image-6724\" alt=\"\" srcset=\"https:\/\/veracapovilla.com.br\/wp-content\/uploads\/2023\/06\/1-3.png 550w, https:\/\/veracapovilla.com.br\/wp-content\/uploads\/2023\/06\/1-3-300x300.png 300w, https:\/\/veracapovilla.com.br\/wp-content\/uploads\/2023\/06\/1-3-150x150.png 150w\" sizes=\"(max-width: 550px) 100vw, 550px\" \/>\t\t\t\t\t\t\t\t\t\t\t\t\t\t\t<\/div>\n\t\t\t\t<\/div>\n\t\t\t\t\t<\/div>\n\t\t<\/div>\n\t\t\t\t<div class=\"elementor-column elementor-col-25 elementor-inner-column elementor-element elementor-element-2c0b4b0\" data-id=\"2c0b4b0\" data-element_type=\"column\" data-e-type=\"column\">\n\t\t\t<div class=\"elementor-widget-wrap elementor-element-populated\">\n\t\t\t\t\t\t<div class=\"elementor-element elementor-element-4c17a53 elementor-widget elementor-widget-image\" data-id=\"4c17a53\" data-element_type=\"widget\" data-e-type=\"widget\" data-widget_type=\"image.default\">\n\t\t\t\t<div class=\"elementor-widget-container\">\n\t\t\t\t\t\t\t\t\t\t\t\t\t\t\t<img loading=\"lazy\" decoding=\"async\" width=\"550\" height=\"550\" src=\"https:\/\/veracapovilla.com.br\/wp-content\/uploads\/2023\/06\/2-1.png\" class=\"attachment-large size-large wp-image-6725\" alt=\"\" srcset=\"https:\/\/veracapovilla.com.br\/wp-content\/uploads\/2023\/06\/2-1.png 550w, https:\/\/veracapovilla.com.br\/wp-content\/uploads\/2023\/06\/2-1-300x300.png 300w, https:\/\/veracapovilla.com.br\/wp-content\/uploads\/2023\/06\/2-1-150x150.png 150w\" sizes=\"(max-width: 550px) 100vw, 550px\" \/>\t\t\t\t\t\t\t\t\t\t\t\t\t\t\t<\/div>\n\t\t\t\t<\/div>\n\t\t\t\t\t<\/div>\n\t\t<\/div>\n\t\t\t\t<div class=\"elementor-column elementor-col-25 elementor-inner-column elementor-element elementor-element-05fc16b\" data-id=\"05fc16b\" data-element_type=\"column\" data-e-type=\"column\">\n\t\t\t<div class=\"elementor-widget-wrap elementor-element-populated\">\n\t\t\t\t\t\t<div class=\"elementor-element elementor-element-c2df6a6 elementor-widget elementor-widget-image\" data-id=\"c2df6a6\" data-element_type=\"widget\" data-e-type=\"widget\" data-widget_type=\"image.default\">\n\t\t\t\t<div class=\"elementor-widget-container\">\n\t\t\t\t\t\t\t\t\t\t\t\t\t\t\t<img loading=\"lazy\" decoding=\"async\" width=\"550\" height=\"550\" src=\"https:\/\/veracapovilla.com.br\/wp-content\/uploads\/2023\/06\/4-1.png\" class=\"attachment-large size-large wp-image-6727\" alt=\"\" srcset=\"https:\/\/veracapovilla.com.br\/wp-content\/uploads\/2023\/06\/4-1.png 550w, https:\/\/veracapovilla.com.br\/wp-content\/uploads\/2023\/06\/4-1-300x300.png 300w, https:\/\/veracapovilla.com.br\/wp-content\/uploads\/2023\/06\/4-1-150x150.png 150w\" sizes=\"(max-width: 550px) 100vw, 550px\" \/>\t\t\t\t\t\t\t\t\t\t\t\t\t\t\t<\/div>\n\t\t\t\t<\/div>\n\t\t\t\t\t<\/div>\n\t\t<\/div>\n\t\t\t\t\t<\/div>\n\t\t<\/section>\n\t\t\t\t\t<\/div>\n\t\t<\/div>\n\t\t\t\t\t<\/div>\n\t\t<\/section>\n\t\t\t\t<section class=\"elementor-section elementor-top-section elementor-element elementor-element-fb13ab5 elementor-section-boxed elementor-section-height-default elementor-section-height-default\" data-id=\"fb13ab5\" data-element_type=\"section\" data-e-type=\"section\">\n\t\t\t\t\t\t<div class=\"elementor-container elementor-column-gap-default\">\n\t\t\t\t\t<div class=\"elementor-column elementor-col-100 elementor-top-column elementor-element elementor-element-86c1534\" data-id=\"86c1534\" data-element_type=\"column\" data-e-type=\"column\">\n\t\t\t<div class=\"elementor-widget-wrap elementor-element-populated\">\n\t\t\t\t\t\t<div class=\"elementor-element elementor-element-3d8513c elementor-align-center elementor-widget elementor-widget-button\" data-id=\"3d8513c\" data-element_type=\"widget\" data-e-type=\"widget\" data-widget_type=\"button.default\">\n\t\t\t\t<div class=\"elementor-widget-container\">\n\t\t\t\t\t\t\t\t\t<div class=\"elementor-button-wrapper\">\n\t\t\t\t\t<a class=\"elementor-button elementor-button-link elementor-size-sm elementor-animation-grow\" href=\"https:\/\/veracapovilla.com.br\/\">\n\t\t\t\t\t\t<span class=\"elementor-button-content-wrapper\">\n\t\t\t\t\t\t\t\t\t<span class=\"elementor-button-text\">voltar<\/span>\n\t\t\t\t\t<\/span>\n\t\t\t\t\t<\/a>\n\t\t\t\t<\/div>\n\t\t\t\t\t\t\t\t<\/div>\n\t\t\t\t<\/div>\n\t\t\t\t\t<\/div>\n\t\t<\/div>\n\t\t\t\t\t<\/div>\n\t\t<\/section>\n\t\t\t\t<\/div>\n\t\t","protected":false},"excerpt":{"rendered":"<p>Uma hist\u00f3ria de vida e dedica\u00e7\u00e3o a uma profiss\u00e3o que auxilia as pessoas a se verem com mais harmonia. Com uma forma\u00e7\u00e3o m\u00e9dica s\u00f3lida e ampla experi\u00eancia, atualmente atua no litoral norte de S\u00e3o Paulo.&nbsp; Graduada em Medicina pela renomada Faculdade de Ci\u00eancias M\u00e9dicas da Santa Casa, em S\u00e3o Paulo, entre os anos de 1982 &hellip;<\/p>\n<p class=\"read-more\"> <a class=\"\" href=\"https:\/\/veracapovilla.com.br\/?page_id=6337\"> <span class=\"screen-reader-text\">Sobre<\/span> Leia mais &raquo;<\/a><\/p>\n","protected":false},"author":1,"featured_media":0,"parent":0,"menu_order":0,"comment_status":"closed","ping_status":"closed","template":"","meta":{"_joinchat":[],"footnotes":""},"class_list":["post-6337","page","type-page","status-publish","hentry"],"_links":{"self":[{"href":"https:\/\/veracapovilla.com.br\/index.php?rest_route=\/wp\/v2\/pages\/6337","targetHints":{"allow":["GET"]}}],"collection":[{"href":"https:\/\/veracapovilla.com.br\/index.php?rest_route=\/wp\/v2\/pages"}],"about":[{"href":"https:\/\/veracapovilla.com.br\/index.php?rest_route=\/wp\/v2\/types\/page"}],"author":[{"embeddable":true,"href":"https:\/\/veracapovilla.com.br\/index.php?rest_route=\/wp\/v2\/users\/1"}],"replies":[{"embeddable":true,"href":"https:\/\/veracapovilla.com.br\/index.php?rest_route=%2Fwp%2Fv2%2Fcomments&post=6337"}],"version-history":[{"count":77,"href":"https:\/\/veracapovilla.com.br\/index.php?rest_route=\/wp\/v2\/pages\/6337\/revisions"}],"predecessor-version":[{"id":7090,"href":"https:\/\/veracapovilla.com.br\/index.php?rest_route=\/wp\/v2\/pages\/6337\/revisions\/7090"}],"wp:attachment":[{"href":"https:\/\/veracapovilla.com.br\/index.php?rest_route=%2Fwp%2Fv2%2Fmedia&parent=6337"}],"curies":[{"name":"wp","href":"https:\/\/api.w.org\/{rel}","templated":true}]}}